{"id":151,"date":"2022-02-22T02:53:11","date_gmt":"2022-02-22T02:53:11","guid":{"rendered":"https:\/\/www.zihuareservaciones.mx\/?page_id=151"},"modified":"2026-03-30T16:20:16","modified_gmt":"2026-03-30T16:20:16","slug":"contactanos","status":"publish","type":"page","link":"https:\/\/www.zihuareservaciones.com\/en\/contactanos\/","title":{"rendered":"CONTACT US"},"content":{"rendered":"\t\t<div data-elementor-type=\"wp-page\" data-elementor-id=\"151\" class=\"elementor elementor-151\">\n\t\t\t\t\t\t<section class=\"elementor-section elementor-top-section elementor-element elementor-element-851fb86 elementor-section-boxed elementor-section-height-default elementor-section-height-default\" data-id=\"851fb86\" data-element_type=\"section\" data-e-type=\"section\">\n\t\t\t\t\t\t<div class=\"elementor-container elementor-column-gap-default\">\n\t\t\t\t\t<div class=\"elementor-column elementor-col-100 elementor-top-column elementor-element elementor-element-c60238d\" data-id=\"c60238d\" data-element_type=\"column\" data-e-type=\"column\">\n\t\t\t<div class=\"elementor-widget-wrap elementor-element-populated\">\n\t\t\t\t\t\t\t<\/div>\n\t\t<\/div>\n\t\t\t\t\t<\/div>\n\t\t<\/section>\n\t\t\t\t<section class=\"elementor-section elementor-top-section elementor-element elementor-element-1d0e4c4 elementor-section-boxed elementor-section-height-default elementor-section-height-default\" data-id=\"1d0e4c4\" data-element_type=\"section\" data-e-type=\"section\">\n\t\t\t\t\t\t<div class=\"elementor-container elementor-column-gap-default\">\n\t\t\t\t\t<div class=\"elementor-column elementor-col-100 elementor-top-column elementor-element elementor-element-c13b41d\" data-id=\"c13b41d\" data-element_type=\"column\" data-e-type=\"column\">\n\t\t\t<div class=\"elementor-widget-wrap elementor-element-populated\">\n\t\t\t\t\t\t<div class=\"elementor-element elementor-element-3ed8231 elementor-widget elementor-widget-html\" data-id=\"3ed8231\" data-element_type=\"widget\" data-e-type=\"widget\" data-widget_type=\"html.default\">\n\t\t\t\t<div class=\"elementor-widget-container\">\n\t\t\t\t\t   <script src=\"https:\/\/cdn.tailwindcss.com?plugins=forms,container-queries\"><\/script>\r\n        <link\r\n            href=\"https:\/\/fonts.googleapis.com\/css2?family=Plus+Jakarta+Sans:wght@300;400;500;600;700;800&display=swap\"\r\n            rel=\"stylesheet\" \/>\r\n        <link\r\n            href=\"https:\/\/fonts.googleapis.com\/css2?family=Material+Symbols+Outlined:wght,FILL@100..700,0..1&display=swap\"\r\n            rel=\"stylesheet\" \/>\r\n\r\n        <script>\r\n            tailwind.config = {\r\n                darkMode: \"class\",\r\n                theme: {\r\n                    extend: {\r\n                        colors: {\r\n                            \"primary\": \"#256919\",\r\n                            \"navy\": \"#0a192f\",\r\n                            \"background-light\": \"#f6f7f8\",\r\n                            \"background-dark\": \"#101822\",\r\n                        },\r\n                        fontFamily: {\r\n                            \"display\": [\"Plus Jakarta Sans\", \"sans-serif\"]\r\n                        }\r\n                    },\r\n                },\r\n            }\r\n        <\/script>\r\n        <style>\r\n            .glass-effect {\r\n                background: rgba(255, 255, 255, 0.9);\r\n                backdrop-filter: blur(10px);\r\n            }\r\n\r\n            .elementor-widget-html {\r\n                font-family: 'Plus Jakarta Sans', sans-serif !important;\r\n            }\r\n\r\n            body {\r\n                font-family: 'Plus Jakarta Sans', sans-serif !important;\r\n            }\r\n\r\n            \/* Animaci\u00f3n suave para iconos *\/\r\n            .social-icon-hover {\r\n                transition: all 0.3s ease;\r\n            }\r\n\r\n            .social-icon-hover:hover {\r\n                transform: translateY(-3px);\r\n                filter: brightness(1.2);\r\n            }\r\n        <\/style>\r\n  \r\n  \r\n    <!-- SECCI\u00d3N 0: CONFIGURACI\u00d3N GLOBAL (A\u00f1adir una sola vez al inicio) -->\r\n<style>\r\n\r\n<\/style>    \r\n    <section id=\"global-config\">\r\n        <!-- Scripts y Estilos Base -->\r\n        <script src=\"https:\/\/cdn.tailwindcss.com?plugins=forms,container-queries\"><\/script>\r\n        <link\r\n            href=\"https:\/\/fonts.googleapis.com\/css2?family=Plus+Jakarta+Sans:wght@300;400;500;600;700;800&display=swap\"\r\n            rel=\"stylesheet\" \/>\r\n        <link\r\n            href=\"https:\/\/fonts.googleapis.com\/css2?family=Material+Symbols+Outlined:wght,FILL@100..700,0..1&display=swap\"\r\n            rel=\"stylesheet\" \/>\r\n\r\n        <script>\r\n            tailwind.config = {\r\n                darkMode: \"class\",\r\n                theme: {\r\n                    extend: {\r\n                        colors: {\r\n                            \"primary\": \"#256919\",\r\n                            \"navy\": \"#0a192f\",\r\n                            \"background-light\": \"#f6f7f8\",\r\n                            \"background-dark\": \"#101822\",\r\n                        },\r\n                        fontFamily: {\r\n                            \"display\": [\"Plus Jakarta Sans\", \"sans-serif\"]\r\n                        }\r\n                    },\r\n                },\r\n            }\r\n        <\/script>\r\n        <style>\r\n            .glass-effect {\r\n                background: rgba(255, 255, 255, 0.9);\r\n                backdrop-filter: blur(10px);\r\n            }\r\n            \r\n            @media(max-width: 768px) {\r\n    .imgheader{\r\n        height: 140% !important;\r\n    }\r\n    .tenemostienda{\r\n       \r\n    }\r\n    \r\n    .botonesheader{\r\n       margin-bottom: 100px;\r\n    }\r\n    \r\n       .text1{font-size:35px}\r\n    .text2{font-size:15px}\r\n}\r\n\r\n            \/* Forzar fuente en Elementor *\/\r\n            .elementor-widget-html {\r\n                font-family: 'Plus Jakarta Sans', sans-serif !important;\r\n            }\r\n\r\n            body {\r\n                font-family: 'Plus Jakarta Sans', sans-serif !important;\r\n            }\r\n        <\/style>\r\n    <\/section>\t\t\t\t<\/div>\n\t\t\t\t<\/div>\n\t\t\t\t\t<\/div>\n\t\t<\/div>\n\t\t\t\t\t<\/div>\n\t\t<\/section>\n\t\t\t\t<section class=\"elementor-section elementor-top-section elementor-element elementor-element-17b9eb09 elementor-section-boxed elementor-section-height-default elementor-section-height-default\" data-id=\"17b9eb09\" data-element_type=\"section\" data-e-type=\"section\">\n\t\t\t\t\t\t<div class=\"elementor-container elementor-column-gap-default\">\n\t\t\t\t\t<div class=\"elementor-column elementor-col-33 elementor-top-column elementor-element elementor-element-473cfed8\" data-id=\"473cfed8\" data-element_type=\"column\" data-e-type=\"column\">\n\t\t\t<div class=\"elementor-widget-wrap elementor-element-populated\">\n\t\t\t\t\t\t<div class=\"elementor-element elementor-element-397c014c elementor-widget elementor-widget-html\" data-id=\"397c014c\" data-element_type=\"widget\" data-e-type=\"widget\" data-widget_type=\"html.default\">\n\t\t\t\t<div class=\"elementor-widget-container\">\n\t\t\t\t\t<!-- Columna 1: Informaci\u00f3n Legal y Corporativa -->\r\n                <div class=\"space-y-8 animate-fade-in\">\r\n                    <div>\r\n                        <span class=\"text-primary font-bold tracking-widest uppercase text-sm mb-2 block\">Identidad Corporativa<\/span>\r\n                        <h2 class=\"text-4xl md:text-5xl font-black text-navy dark:text-white leading-tight\">\r\n                            V\u00edctor Manuel Ramos Garc\u00eda\r\n                        <\/h2>\r\n                        <p class=\"text-xl text-slate-500 mt-4 leading-relaxed\">\r\n                            Director General y Propietario de la Marca <span class=\"font-bold text-primary italic\">ZIHUA-RESERVACIONES<\/span>\r\n                        <\/p>\r\n                    <\/div>\r\n\r\n                    <div class=\"grid gap-6\">\r\n                        <!-- Card: Registro Mayorista -->\r\n                        <div class=\"bg-slate-50 dark:bg-slate-800\/50 p-6 rounded-2xl border border-slate-100 dark:border-slate-700 hover:shadow-xl transition-all duration-300 group\">\r\n                            <div class=\"flex items-start gap-5\">\r\n                                <div class=\"bg-primary\/10 p-3 rounded-xl text-primary group-hover:bg-primary group-hover:text-white transition-colors\">\r\n                                    <span class=\"material-symbols-outlined text-3xl\">corporate_fare<\/span>\r\n                                <\/div>\r\n                                <div>\r\n                                    <h4 class=\"font-bold text-navy dark:text-white text-lg\">Mayorista Nacional de Hoteles<\/h4>\r\n                                    <p class=\"text-slate-500 text-sm mt-1\">Registros Oficiales y Autorizaciones Vigentes<\/p>\r\n                                    <div class=\"mt-4 flex flex-wrap gap-3\">\r\n                                        <span class=\"bg-white dark:bg-slate-700 px-3 py-1.5 rounded-lg text-xs font-bold border border-slate-200 dark:border-slate-600 flex items-center gap-2\">\r\n                                            <span class=\"text-primary\">IMPI:<\/span> 1630605\r\n                                        <\/span>\r\n                                        <span class=\"bg-white dark:bg-slate-700 px-3 py-1.5 rounded-lg text-xs font-bold border border-slate-200 dark:border-slate-600 flex items-center gap-2\">\r\n                                            <span class=\"text-primary\">RNT:<\/span> 04120380104\r\n                                        <\/span>\r\n                                    <\/div>\r\n                                <\/div>\r\n                            <\/div>\r\n                        <\/div>\r\n\r\n                        <!-- Card: Datos Fiscales -->\r\n                        <div class=\"bg-slate-50 dark:bg-slate-800\/50 p-6 rounded-2xl border border-slate-100 dark:border-slate-700 hover:shadow-xl transition-all duration-300 group\">\r\n                            <div class=\"flex items-start gap-5\">\r\n                                <div class=\"bg-primary\/10 p-3 rounded-xl text-primary group-hover:bg-primary group-hover:text-white transition-colors\">\r\n                                    <span class=\"material-symbols-outlined text-3xl\">receipt_long<\/span>\r\n                                <\/div>\r\n                                <div>\r\n                                    <h4 class=\"font-bold text-navy dark:text-white text-lg\">Datos de Facturaci\u00f3n<\/h4>\r\n                                    <p class=\"text-slate-500 text-sm mt-1 leading-relaxed\">\r\n                                        <span class=\"font-bold text-slate-700 dark:text-slate-300\">RFC:<\/span> RAGV5910304P5<br>\r\n                                        VICTOR MANUEL RAMOS GARCIA\r\n                                    <\/p>\r\n                                <\/div>\r\n                            <\/div>\r\n                        <\/div>\r\n\r\n                        <!-- Card: Ubicaci\u00f3n F\u00edsica -->\r\n                        <div class=\"bg-slate-50 dark:bg-slate-800\/50 p-6 rounded-2xl border border-slate-100 dark:border-slate-700 hover:shadow-xl transition-all duration-300 group\">\r\n                            <div class=\"flex items-start gap-5\">\r\n                                <div class=\"bg-primary\/10 p-3 rounded-xl text-primary group-hover:bg-primary group-hover:text-white transition-colors\">\r\n                                    <span class=\"material-symbols-outlined text-3xl\">location_on<\/span>\r\n                                <\/div>\r\n                                <div>\r\n                                    <h4 class=\"font-bold text-navy dark:text-white text-lg\">Matriz Industrial<\/h4>\r\n                                    <p class=\"text-slate-500 text-sm mt-1 leading-relaxed\">\r\n                                        BLVD. Paseo Ixtapa MZA 3 LOTE 3,<br>\r\n                                        Centro Comercial Los Patios Local 4, CP 40884,<br>\r\n                                        Zihuatanejo de Azueta, Guerrero.\r\n                                    <\/p>\r\n                                <\/div>\r\n                            <\/div>\r\n                        <\/div>\r\n                    <\/div>\r\n                <\/div>\t\t\t\t<\/div>\n\t\t\t\t<\/div>\n\t\t\t\t\t<\/div>\n\t\t<\/div>\n\t\t\t\t<div class=\"elementor-column elementor-col-66 elementor-top-column elementor-element elementor-element-50ddd25f\" data-id=\"50ddd25f\" data-element_type=\"column\" data-e-type=\"column\">\n\t\t\t<div class=\"elementor-widget-wrap elementor-element-populated\">\n\t\t\t\t\t\t<div class=\"elementor-element elementor-element-6d573560 elementor-widget elementor-widget-google_maps\" data-id=\"6d573560\" data-element_type=\"widget\" data-e-type=\"widget\" data-widget_type=\"google_maps.default\">\n\t\t\t\t<div class=\"elementor-widget-container\">\n\t\t\t\t\t\t\t<div class=\"elementor-custom-embed\">\n\t\t\t<iframe loading=\"lazy\"\n\t\t\t\t\tsrc=\"https:\/\/maps.google.com\/maps?q=zihuareservaciones&#038;t=m&#038;z=15&#038;output=embed&#038;iwloc=near\"\n\t\t\t\t\ttitle=\"zihuareservaciones\"\n\t\t\t\t\taria-label=\"zihuareservaciones\"\n\t\t\t><\/iframe>\n\t\t<\/div>\n\t\t\t\t\t\t<\/div>\n\t\t\t\t<\/div>\n\t\t\t\t\t<\/div>\n\t\t<\/div>\n\t\t\t\t\t<\/div>\n\t\t<\/section>\n\t\t\t\t<section class=\"elementor-section elementor-top-section elementor-element elementor-element-2e9b8bde elementor-section-full_width elementor-section-height-default elementor-section-height-default\" data-id=\"2e9b8bde\" data-element_type=\"section\" data-e-type=\"section\" data-settings=\"{&quot;background_background&quot;:&quot;classic&quot;}\">\n\t\t\t\t\t\t<div class=\"elementor-container elementor-column-gap-default\">\n\t\t\t\t\t<div class=\"elementor-column elementor-col-100 elementor-top-column elementor-element elementor-element-6979d0ba\" data-id=\"6979d0ba\" data-element_type=\"column\" data-e-type=\"column\" data-settings=\"{&quot;background_background&quot;:&quot;classic&quot;}\">\n\t\t\t<div class=\"elementor-widget-wrap elementor-element-populated\">\n\t\t\t\t\t\t<section class=\"elementor-section elementor-inner-section elementor-element elementor-element-4df7f24d elementor-section-full_width elementor-section-height-default elementor-section-height-default\" data-id=\"4df7f24d\" data-element_type=\"section\" data-e-type=\"section\">\n\t\t\t\t\t\t<div class=\"elementor-container elementor-column-gap-default\">\n\t\t\t\t\t<div class=\"elementor-column elementor-col-50 elementor-inner-column elementor-element elementor-element-6ed13a0b\" data-id=\"6ed13a0b\" data-element_type=\"column\" data-e-type=\"column\">\n\t\t\t<div class=\"elementor-widget-wrap elementor-element-populated\">\n\t\t\t\t\t\t<div class=\"elementor-element elementor-element-47355c76 elementor-widget elementor-widget-heading\" data-id=\"47355c76\" data-element_type=\"widget\" data-e-type=\"widget\" data-widget_type=\"heading.default\">\n\t\t\t\t<div class=\"elementor-widget-container\">\n\t\t\t\t\t<h2 class=\"elementor-heading-title elementor-size-default\">\u00bfPlaneas tu pr\u00f3xima escapada?<\/h2>\t\t\t\t<\/div>\n\t\t\t\t<\/div>\n\t\t\t\t<div class=\"elementor-element elementor-element-aaa8695 elementor-widget elementor-widget-text-editor\" data-id=\"aaa8695\" data-element_type=\"widget\" data-e-type=\"widget\" data-widget_type=\"text-editor.default\">\n\t\t\t\t<div class=\"elementor-widget-container\">\n\t\t\t\t\t\t\t\t\t<p>Cont\u00e1ctanos ahora y recibe una asesor\u00eda personalizada.<\/p><p>Estamos listos para ayudarte.<\/p>\t\t\t\t\t\t\t\t<\/div>\n\t\t\t\t<\/div>\n\t\t\t\t<div class=\"elementor-element elementor-element-9e518b9 elementor-icon-list--layout-inline elementor-align-start elementor-list-item-link-full_width elementor-widget elementor-widget-icon-list\" data-id=\"9e518b9\" data-element_type=\"widget\" data-e-type=\"widget\" data-widget_type=\"icon-list.default\">\n\t\t\t\t<div class=\"elementor-widget-container\">\n\t\t\t\t\t\t\t<ul class=\"elementor-icon-list-items elementor-inline-items\">\n\t\t\t\t\t\t\t<li class=\"elementor-icon-list-item elementor-inline-item\">\n\t\t\t\t\t\t\t\t\t\t\t<a href=\"tel:527551003088\">\n\n\t\t\t\t\t\t\t\t\t\t\t\t<span class=\"elementor-icon-list-icon\">\n\t\t\t\t\t\t\t<i aria-hidden=\"true\" class=\"fas fa-phone-square-alt\"><\/i>\t\t\t\t\t\t<\/span>\n\t\t\t\t\t\t\t\t\t\t<span class=\"elementor-icon-list-text\">(+52) 755 100 30 88<\/span>\n\t\t\t\t\t\t\t\t\t\t\t<\/a>\n\t\t\t\t\t\t\t\t\t<\/li>\n\t\t\t\t\t\t\t\t<li class=\"elementor-icon-list-item elementor-inline-item\">\n\t\t\t\t\t\t\t\t\t\t\t<a href=\"mailto:hoteles@zihuareservaciones.com\">\n\n\t\t\t\t\t\t\t\t\t\t\t\t<span class=\"elementor-icon-list-icon\">\n\t\t\t\t\t\t\t<i aria-hidden=\"true\" class=\"far fa-envelope\"><\/i>\t\t\t\t\t\t<\/span>\n\t\t\t\t\t\t\t\t\t\t<span class=\"elementor-icon-list-text\">hoteles@zihuareservaciones.com<\/span>\n\t\t\t\t\t\t\t\t\t\t\t<\/a>\n\t\t\t\t\t\t\t\t\t<\/li>\n\t\t\t\t\t\t<\/ul>\n\t\t\t\t\t\t<\/div>\n\t\t\t\t<\/div>\n\t\t\t\t<div class=\"elementor-element elementor-element-450aad79 elementor-widget elementor-widget-text-editor\" data-id=\"450aad79\" data-element_type=\"widget\" data-e-type=\"widget\" data-widget_type=\"text-editor.default\">\n\t\t\t\t<div class=\"elementor-widget-container\">\n\t\t\t\t\t\t\t\t\t<p>Siguenos:<\/p>\t\t\t\t\t\t\t\t<\/div>\n\t\t\t\t<\/div>\n\t\t\t\t<div class=\"elementor-element elementor-element-283dc1af elementor-shape-circle elementor-grid-6 e-grid-align-center elementor-widget elementor-widget-social-icons\" data-id=\"283dc1af\" data-element_type=\"widget\" data-e-type=\"widget\" data-widget_type=\"social-icons.default\">\n\t\t\t\t<div class=\"elementor-widget-container\">\n\t\t\t\t\t\t\t<div class=\"elementor-social-icons-wrapper elementor-grid\" role=\"list\">\n\t\t\t\t\t\t\t<span class=\"elementor-grid-item\" role=\"listitem\">\n\t\t\t\t\t<a class=\"elementor-icon elementor-social-icon elementor-social-icon-whatsapp elementor-repeater-item-5220e54\" href=\"https:\/\/wa.link\/p9byz3\" target=\"_blank\">\n\t\t\t\t\t\t<span class=\"elementor-screen-only\">Whatsapp<\/span>\n\t\t\t\t\t\t<i aria-hidden=\"true\" class=\"fab fa-whatsapp\"><\/i>\t\t\t\t\t<\/a>\n\t\t\t\t<\/span>\n\t\t\t\t\t\t\t<span class=\"elementor-grid-item\" role=\"listitem\">\n\t\t\t\t\t<a class=\"elementor-icon elementor-social-icon elementor-social-icon-facebook elementor-repeater-item-b3fee01\" href=\"https:\/\/www.facebook.com\/Zihuareservaciones.mx\/\" target=\"_blank\">\n\t\t\t\t\t\t<span class=\"elementor-screen-only\">Facebook<\/span>\n\t\t\t\t\t\t<i aria-hidden=\"true\" class=\"fab fa-facebook\"><\/i>\t\t\t\t\t<\/a>\n\t\t\t\t<\/span>\n\t\t\t\t\t\t\t<span class=\"elementor-grid-item\" role=\"listitem\">\n\t\t\t\t\t<a class=\"elementor-icon elementor-social-icon elementor-social-icon-instagram elementor-repeater-item-ce71eb3\" href=\"https:\/\/www.instagram.com\/zihua_reservaciones_agencia\/\" target=\"_blank\">\n\t\t\t\t\t\t<span class=\"elementor-screen-only\">Instagram<\/span>\n\t\t\t\t\t\t<i aria-hidden=\"true\" class=\"fab fa-instagram\"><\/i>\t\t\t\t\t<\/a>\n\t\t\t\t<\/span>\n\t\t\t\t\t\t\t<span class=\"elementor-grid-item\" role=\"listitem\">\n\t\t\t\t\t<a class=\"elementor-icon elementor-social-icon elementor-social-icon-twitter elementor-repeater-item-f7fa38d\" href=\"https:\/\/twitter.com\/ZihuaReservaci1\" target=\"_blank\">\n\t\t\t\t\t\t<span class=\"elementor-screen-only\">Twitter<\/span>\n\t\t\t\t\t\t<i aria-hidden=\"true\" class=\"fab fa-twitter\"><\/i>\t\t\t\t\t<\/a>\n\t\t\t\t<\/span>\n\t\t\t\t\t\t\t<span class=\"elementor-grid-item\" role=\"listitem\">\n\t\t\t\t\t<a class=\"elementor-icon elementor-social-icon elementor-social-icon-youtube elementor-repeater-item-85748b8\" href=\"https:\/\/www.youtube.com\/channel\/UC9jCGH8wMcHvrP88jNmzp5A\" target=\"_blank\">\n\t\t\t\t\t\t<span class=\"elementor-screen-only\">Youtube<\/span>\n\t\t\t\t\t\t<i aria-hidden=\"true\" class=\"fab fa-youtube\"><\/i>\t\t\t\t\t<\/a>\n\t\t\t\t<\/span>\n\t\t\t\t\t\t\t<span class=\"elementor-grid-item\" role=\"listitem\">\n\t\t\t\t\t<a class=\"elementor-icon elementor-social-icon elementor-social-icon-linkedin elementor-repeater-item-7ec182a\" href=\"https:\/\/www.linkedin.com\/in\/zihua-reservaciones-agencia-de-viajes-64ba971a1\/\" target=\"_blank\">\n\t\t\t\t\t\t<span class=\"elementor-screen-only\">Linkedin<\/span>\n\t\t\t\t\t\t<i aria-hidden=\"true\" class=\"fab fa-linkedin\"><\/i>\t\t\t\t\t<\/a>\n\t\t\t\t<\/span>\n\t\t\t\t\t<\/div>\n\t\t\t\t\t\t<\/div>\n\t\t\t\t<\/div>\n\t\t\t\t\t<\/div>\n\t\t<\/div>\n\t\t\t\t<div class=\"elementor-column elementor-col-50 elementor-inner-column elementor-element elementor-element-1febf97f\" data-id=\"1febf97f\" data-element_type=\"column\" data-e-type=\"column\" data-settings=\"{&quot;background_background&quot;:&quot;classic&quot;}\">\n\t\t\t<div class=\"elementor-widget-wrap elementor-element-populated\">\n\t\t\t\t\t\t<div class=\"elementor-element elementor-element-791de214 elementor-widget elementor-widget-wpforms\" data-id=\"791de214\" data-element_type=\"widget\" data-e-type=\"widget\" data-widget_type=\"wpforms.default\">\n\t\t\t\t<div class=\"elementor-widget-container\">\n\t\t\t\t\t<div class=\"wpforms-container wpforms-container-full\" id=\"wpforms-378\"><form id=\"wpforms-form-378\" class=\"wpforms-validate wpforms-form\" data-formid=\"378\" method=\"post\" enctype=\"multipart\/form-data\" action=\"\/en\/wp-json\/wp\/v2\/pages\/151\" data-token=\"93a961afb0efd870f86ea9fc8354c46f\" data-token-time=\"1776700034\"><noscript class=\"wpforms-error-noscript\">Please enable JavaScript in your browser to complete this form.<\/noscript><div class=\"wpforms-field-container\"><div id=\"wpforms-378-field_0-container\" class=\"wpforms-field wpforms-field-name\" data-field-id=\"0\"><label class=\"wpforms-field-label\" for=\"wpforms-378-field_0\">Nombre Completo <span class=\"wpforms-required-label\">*<\/span><\/label><input type=\"text\" id=\"wpforms-378-field_0\" class=\"wpforms-field-large wpforms-field-required\" name=\"wpforms[fields][0]\" required><\/div><div id=\"wpforms-378-field_3-container\" class=\"wpforms-field wpforms-field-number\" data-field-id=\"3\"><label class=\"wpforms-field-label\" for=\"wpforms-378-field_3\">Tel\u00e9fono Contacto<\/label><input type=\"number\" id=\"wpforms-378-field_3\" class=\"wpforms-field-large\" name=\"wpforms[fields][3]\" step=\"any\" ><\/div><div id=\"wpforms-378-field_1-container\" class=\"wpforms-field wpforms-field-email\" data-field-id=\"1\"><label class=\"wpforms-field-label\" for=\"wpforms-378-field_1\">Email <span class=\"wpforms-required-label\">*<\/span><\/label><input type=\"email\" id=\"wpforms-378-field_1\" class=\"wpforms-field-large wpforms-field-required\" name=\"wpforms[fields][1]\" spellcheck=\"false\" required><\/div><div id=\"wpforms-378-field_2-container\" class=\"wpforms-field wpforms-field-textarea\" data-field-id=\"2\"><label class=\"wpforms-field-label\" for=\"wpforms-378-field_2\">Comentario o Mensaje <span class=\"wpforms-required-label\">*<\/span><\/label><textarea id=\"wpforms-378-field_2\" class=\"wpforms-field-medium wpforms-field-required\" name=\"wpforms[fields][2]\" required><\/textarea><\/div><\/div><!-- .wpforms-field-container --><div class=\"wpforms-field wpforms-field-hp\"><label for=\"wpforms-378-field-hp\" class=\"wpforms-field-label\">Email<\/label><input type=\"text\" name=\"wpforms[hp]\" id=\"wpforms-378-field-hp\" class=\"wpforms-field-medium\"><\/div><div class=\"wpforms-submit-container\" ><input type=\"hidden\" name=\"wpforms[id]\" value=\"378\"><input type=\"hidden\" name=\"page_title\" value=\"\"><input type=\"hidden\" name=\"page_url\" value=\"https:\/\/www.zihuareservaciones.com\/en\/wp-json\/wp\/v2\/pages\/151\"><input type=\"hidden\" name=\"url_referer\" value=\"\"><button type=\"submit\" name=\"wpforms[submit]\" id=\"wpforms-submit-378\" class=\"wpforms-submit button color1\" data-alt-text=\"Enviando\" data-submit-text=\"Enviar\" aria-live=\"assertive\" value=\"wpforms-submit\">Enviar<\/button><\/div><\/form><\/div>  <!-- .wpforms-container -->\t\t\t\t<\/div>\n\t\t\t\t<\/div>\n\t\t\t\t\t<\/div>\n\t\t<\/div>\n\t\t\t\t\t<\/div>\n\t\t<\/section>\n\t\t\t\t\t<\/div>\n\t\t<\/div>\n\t\t\t\t\t<\/div>\n\t\t<\/section>\n\t\t\t\t<\/div>\n\t\t","protected":false},"excerpt":{"rendered":"<p>Identidad Corporativa V\u00edctor Manuel Ramos Garc\u00eda Director General y Propietario de la Marca ZIHUA-RESERVACIONES corporate_fare Mayorista Nacional de Hoteles Registros Oficiales y Autorizaciones Vigentes IMPI: 1630605 RNT: 04120380104 receipt_long Datos de Facturaci\u00f3n RFC: RAGV5910304P5 VICTOR MANUEL RAMOS GARCIA location_on Matriz Industrial BLVD. Paseo Ixtapa MZA 3 LOTE 3, Centro Comercial Los Patios Local 4, CP [&hellip;]<\/p>\n","protected":false},"author":1,"featured_media":0,"parent":0,"menu_order":0,"comment_status":"closed","ping_status":"closed","template":"elementor_header_footer","meta":{"footnotes":""},"class_list":["post-151","page","type-page","status-publish","hentry"],"_links":{"self":[{"href":"https:\/\/www.zihuareservaciones.com\/en\/wp-json\/wp\/v2\/pages\/151","targetHints":{"allow":["GET"]}}],"collection":[{"href":"https:\/\/www.zihuareservaciones.com\/en\/wp-json\/wp\/v2\/pages"}],"about":[{"href":"https:\/\/www.zihuareservaciones.com\/en\/wp-json\/wp\/v2\/types\/page"}],"author":[{"embeddable":true,"href":"https:\/\/www.zihuareservaciones.com\/en\/wp-json\/wp\/v2\/users\/1"}],"replies":[{"embeddable":true,"href":"https:\/\/www.zihuareservaciones.com\/en\/wp-json\/wp\/v2\/comments?post=151"}],"version-history":[{"count":3,"href":"https:\/\/www.zihuareservaciones.com\/en\/wp-json\/wp\/v2\/pages\/151\/revisions"}],"predecessor-version":[{"id":4961,"href":"https:\/\/www.zihuareservaciones.com\/en\/wp-json\/wp\/v2\/pages\/151\/revisions\/4961"}],"wp:attachment":[{"href":"https:\/\/www.zihuareservaciones.com\/en\/wp-json\/wp\/v2\/media?parent=151"}],"curies":[{"name":"wp","href":"https:\/\/api.w.org\/{rel}","templated":true}]}}